{"id":33,"date":"2024-12-12T17:13:09","date_gmt":"2024-12-12T17:13:09","guid":{"rendered":"https:\/\/nova.hrvatski-savate-savez.hr\/?page_id=33"},"modified":"2025-01-02T15:18:41","modified_gmt":"2025-01-02T15:18:41","slug":"sluzbene-osobe-hss","status":"publish","type":"page","link":"https:\/\/hrvatski-savate-savez.hr\/?page_id=33","title":{"rendered":"SLU\u017dBENE OSOBE HSS"},"content":{"rendered":"\t\t<div data-elementor-type=\"wp-page\" data-elementor-id=\"33\" class=\"elementor elementor-33\">\n\t\t\t\t<div class=\"elementor-element elementor-element-83c21ce e-flex e-con-boxed e-con e-parent\" data-id=\"83c21ce\" data-element_type=\"container\" data-settings=\"{&quot;background_background&quot;:&quot;classic&quot;}\">\n\t\t\t\t\t<div class=\"e-con-inner\">\n\t\t\t\t<div class=\"elementor-element elementor-element-047606f elementor-widget elementor-widget-spacer\" data-id=\"047606f\" data-element_type=\"widget\" data-widget_type=\"spacer.default\">\n\t\t\t\t<div class=\"elementor-widget-container\">\n\t\t\t\t\t\t\t<div class=\"elementor-spacer\">\n\t\t\t<div class=\"elementor-spacer-inner\"><\/div>\n\t\t<\/div>\n\t\t\t\t\t\t<\/div>\n\t\t\t\t<\/div>\n\t\t\t\t<div class=\"elementor-element elementor-element-2702ab8 elementor-widget elementor-widget-heading\" data-id=\"2702ab8\" data-element_type=\"widget\" data-widget_type=\"heading.default\">\n\t\t\t\t<div class=\"elementor-widget-container\">\n\t\t\t\t\t<h2 class=\"elementor-heading-title elementor-size-default\">Slu\u017ebene osobe HSS<\/h2>\t\t\t\t<\/div>\n\t\t\t\t<\/div>\n\t\t\t\t<div class=\"elementor-element elementor-element-64147fc elementor-widget elementor-widget-text-editor\" data-id=\"64147fc\" data-element_type=\"widget\" data-widget_type=\"text-editor.default\">\n\t\t\t\t<div class=\"elementor-widget-container\">\n\t\t\t\t\t\t\t\t\t<p>Popis slu\u017ebenih Trenera i Sudaca Hrvatskog Savate Saveza.<\/p>\t\t\t\t\t\t\t\t<\/div>\n\t\t\t\t<\/div>\n\t\t\t\t<div class=\"elementor-element elementor-element-0c70a3e elementor-view-default elementor-widget elementor-widget-icon\" data-id=\"0c70a3e\" data-element_type=\"widget\" data-widget_type=\"icon.default\">\n\t\t\t\t<div class=\"elementor-widget-container\">\n\t\t\t\t\t\t\t<div class=\"elementor-icon-wrapper\">\n\t\t\t<div class=\"elementor-icon\">\n\t\t\t<svg aria-hidden=\"true\" class=\"e-font-icon-svg e-far-arrow-alt-circle-down\" viewBox=\"0 0 512 512\" xmlns=\"http:\/\/www.w3.org\/2000\/svg\"><path d=\"M256 8C119 8 8 119 8 256s111 248 248 248 248-111 248-248S393 8 256 8zm0 448c-110.5 0-200-89.5-200-200S145.5 56 256 56s200 89.5 200 200-89.5 200-200 200zm-32-316v116h-67c-10.7 0-16 12.9-8.5 20.5l99 99c4.7 4.7 12.3 4.7 17 0l99-99c7.6-7.6 2.2-20.5-8.5-20.5h-67V140c0-6.6-5.4-12-12-12h-40c-6.6 0-12 5.4-12 12z\"><\/path><\/svg>\t\t\t<\/div>\n\t\t<\/div>\n\t\t\t\t\t\t<\/div>\n\t\t\t\t<\/div>\n\t\t\t\t\t<\/div>\n\t\t\t\t<\/div>\n\t\t<div class=\"elementor-element elementor-element-7f80414 e-flex e-con-boxed e-con e-parent\" data-id=\"7f80414\" data-element_type=\"container\" data-settings=\"{&quot;background_background&quot;:&quot;classic&quot;}\">\n\t\t\t\t\t<div class=\"e-con-inner\">\n\t\t\t\t<div class=\"elementor-element elementor-element-8e83a38 elementor-widget elementor-widget-heading\" data-id=\"8e83a38\" data-element_type=\"widget\" data-widget_type=\"heading.default\">\n\t\t\t\t<div class=\"elementor-widget-container\">\n\t\t\t\t\t<h2 class=\"elementor-heading-title elementor-size-default\">Popis sudaca:\n<\/h2>\t\t\t\t<\/div>\n\t\t\t\t<\/div>\n\t\t\t\t<div class=\"elementor-element elementor-element-1958d6c elementor-widget elementor-widget-text-editor\" data-id=\"1958d6c\" data-element_type=\"widget\" data-widget_type=\"text-editor.default\">\n\t\t\t\t<div class=\"elementor-widget-container\">\n\t\t\t\t\t\t\t\t\t<p>Ivica Huni\u0107 \u2013 NEZAVISNI SUDAC<br \/>Marinko Novotny \u2013 NEZAVISNI SUDAC<br \/>Nikolina Vuki\u0107 \u2013 SK \u0110IDARA<br \/>Tomislav Varga \u2013 SK \u201cSILVER EAGLE\u201d RUGVICA<br \/>Hrvoje Veli\u0107 \u2013 SK \u201cSILVER EAGLE\u201d RUGVICA<br \/>Vladimir Jan\u010di\u0107 \u2013 SK \u201cSILVER EAGLE\u201d RUGVICA<br \/>\u017darko Brloba\u0161i\u0107 \u2013 SK KRALJEVEC<br \/>Vanda Jezernik \u0160imunec \u2013 SK \u0160IMUNEC-GYM VARA\u017dDIN<br \/>Sla\u0111ana Bla\u017ei \u2013 SK \u0160IMUNEC-GYM VARA\u017dDIN<br \/>Ksenija Bartolec \u2013 SK OMEGA<br \/>Viktorija Prevarek \u2013 SK \u010cIGRA<br \/>Anita \u0161toki\u0107 \u2013 SK \u0160AN GARE\u0160NICA<br \/>Stjepan Modri\u0107 \u2013 SK \u0160AN GARE\u0160NICA<\/p>\t\t\t\t\t\t\t\t<\/div>\n\t\t\t\t<\/div>\n\t\t\t\t\t<\/div>\n\t\t\t\t<\/div>\n\t\t<div class=\"elementor-element elementor-element-b471cfb e-flex e-con-boxed e-con e-parent\" data-id=\"b471cfb\" data-element_type=\"container\" data-settings=\"{&quot;background_background&quot;:&quot;classic&quot;}\">\n\t\t\t\t\t<div class=\"e-con-inner\">\n\t\t\t\t<div class=\"elementor-element elementor-element-dd9da12 elementor-widget elementor-widget-heading\" data-id=\"dd9da12\" data-element_type=\"widget\" data-widget_type=\"heading.default\">\n\t\t\t\t<div class=\"elementor-widget-container\">\n\t\t\t\t\t<h2 class=\"elementor-heading-title elementor-size-default\">Popis trenera:\n<\/h2>\t\t\t\t<\/div>\n\t\t\t\t<\/div>\n\t\t\t\t<div class=\"elementor-element elementor-element-83d483d elementor-widget elementor-widget-text-editor\" data-id=\"83d483d\" data-element_type=\"widget\" data-widget_type=\"text-editor.default\">\n\t\t\t\t<div class=\"elementor-widget-container\">\n\t\t\t\t\t\t\t\t\t<p>Filip Mariji\u0107 \u2013 SK \u201cSILVER EAGLE\u201d RUGVICA<br \/>Hrvoje Veli\u0107 \u2013 SK \u201cSILVER EAGLE\u201d RUGVICA<br \/>Alen Nokaj \u2013 SK \u010cIGRA<br \/>\u017deljka Jarec Bukal \u2013 SK \u010cIGRA<br \/>\u0110ino Sinkovi\u0107 \u2013 SK \u0110IDARA<br \/>Ela Vran\u010di\u0107 \u2013 SK \u0110IDARA<br \/>Sergej Grahovac \u2013 SK \u0110IDARA<br \/>Marjana Kova\u010di\u0107 \u2013 SK FC KOVA\u010cI\u0106<br \/>Sini\u0161a Kova\u010di\u0107 \u2013 SK FC KOVA\u010cI\u0106<br \/>Ivica Haramija \u2013 SK HUS OSIJEK<br \/>Zvonko Borba\u0161 \u2013 SK HUS OSIJEK<br \/>Slavko Vukovi\u0107 \u2013 SK JEAN-MICHEL NICOLIER<br \/>Dra\u017een Brezove\u010dki \u2013 SK KOBRA<br \/>Darko Milo\u0161i\u0107 \u2013 SK KOBRA<br \/>Filip \u010cukman \u2013 SK KOBRA<br \/>Matija Kruhak \u2013 SK KOBRA<br \/>Ivan Kozina \u2013 SK KRALJEVEC<br \/>Antonio Bo\u0161kovi\u0107 \u2013 SK KRALJEVEC<br \/>Jadre Pavi\u010di\u0107 \u2013 SK KRALJEVEC<br \/>Josip Grui\u0107 \u2013 SK KRALJEVEC<br \/>Vlado Grui\u0107 \u2013 SK KRALJEVEC<br \/>Ivana Bajcer \u2013 SK KRAPINA<br \/>Karlo Pernjek \u2013 SK KRAPINA<br \/>Adrijan Mlakar \u2013 SK KRAPINA<br \/>Ivan Poljak \u2013 SK KRAPINA<br \/>Jana Po\u017eari\u0107 \u2013 SK KRAPINA<br \/>Martin Gr\u0111an \u2013 SK KRAPINA<br \/>Emerik Ve\u010deri\u0107 \u2013 SK OMEGA<br \/>Ida Rodik \u2013 SK OMEGA<br \/>Kristina Sokoli\u0107 \u2013 SK OMEGA<br \/>Miljenko Ro\u017emari\u0107 \u2013 SK OMEGA<br \/>Dra\u017een Stojanovi\u0107 \u2013 SK PIT BULL<br \/>Ivica Manestar \u2013 SK REFUL<br \/>Bruno \u0160kudar \u2013 SK SESVETE<br \/>Marko Batini\u0107 \u2013 SK SESVETE<br \/>Matej Batini\u0107 \u2013 SK SESVETE<br \/>Zdenko Mirt \u2013 SK STUBICA<br \/>Dario Boro\u0161a \u2013 SK STUBICA<br \/>Kre\u0161o Lackovi\u0107 \u2013 SK STUBICA<br \/>Luka Le\u0161kovi\u0107 \u2013 SK STUBICA<br \/>Sre\u0107ko Znika \u2013 SK STUBICA<br \/>Nenad \u0160arec \u2013 SK \u0160AN GARE\u0160NICA<br \/>Filip Vuji\u0107 \u2013 SK \u0160AN GARE\u0160NICA<br \/>Patrik Rado\u010daj \u2013 SK \u0160AN GARE\u0160NICA<br \/>Stjepan Vidi\u0107 \u2013 SK \u0160IMUNEC-GYM NOVI MAROF<br \/>Dario \u010cus \u2013 SK \u0160IMUNEC-GYM VARA\u017dDIN<br \/>Dario Kontak \u2013 SK \u0160IMUNEC-GYM VARA\u017dDIN<br \/>Patrik Kranj\u010dec \u2013 SK \u0160IMUNEC-GYM VARA\u017dDIN<br \/>Predrag \u0160imunec \u2013 SK \u0160IMUNEC-GYM VARA\u017dDIN<br \/>Karlo Kolari\u0107 \u2013 SK \u0160IMUNEC-GYM VARA\u017dDIN<br \/>Matija Kelemen \u2013 SK \u0160IMUNEC-GYM V\u017d TOPLICE<br \/>Zoran Juki\u0107 \u2013 SK \u0160IMUNEC-GYM ZAGREB<br \/>Vanja Rehak \u2013 SK \u0160IMUNEC-GYM ZAGREB<br \/>Ivan Bari\u0161i\u0107 \u2013 SK VALPOVO<br \/>Alen \u0160aroni\u0107 \u2013 SK VALPOVO<br \/>Marijan Bari\u0161i\u0107 \u2013 SK VALPOVO<br \/>Petar Kri\u0161kovi\u0107 \u2013 SK VALPOVO<br \/>Danijel Levak \u2013 SK VARA\u017dDIN<br \/>Goran Borovi\u0107 \u2013 SK VARA\u017dDIN<br \/>Mario Lovrak \u2013 SK VARA\u017dDIN<\/p>\t\t\t\t\t\t\t\t<\/div>\n\t\t\t\t<\/div>\n\t\t\t\t\t<\/div>\n\t\t\t\t<\/div>\n\t\t\t\t<\/div>\n\t\t","protected":false},"excerpt":{"rendered":"<p>Slu\u017ebene osobe HSS Popis slu\u017ebenih Trenera i Sudaca Hrvatskog Savate Saveza. Popis sudaca: Ivica Huni\u0107 \u2013 NEZAVISNI SUDACMarinko Novotny \u2013 NEZAVISNI SUDACNikolina Vuki\u0107 \u2013 SK \u0110IDARATomislav Varga \u2013 SK \u201cSILVER [&hellip;]<\/p>\n","protected":false},"author":1,"featured_media":0,"parent":0,"menu_order":0,"comment_status":"closed","ping_status":"closed","template":"","meta":{"site-sidebar-layout":"no-sidebar","site-content-layout":"","ast-site-content-layout":"full-width-container","site-content-style":"default","site-sidebar-style":"default","ast-global-header-display":"","ast-banner-title-visibility":"","ast-main-header-display":"","ast-hfb-above-header-display":"","ast-hfb-below-header-display":"","ast-hfb-mobile-header-display":"","site-post-title":"disabled","ast-breadcrumbs-content":"","ast-featured-img":"disabled","footer-sml-layout":"","theme-transparent-header-meta":"","adv-header-id-meta":"","stick-header-meta":"","header-above-stick-meta":"","header-main-stick-meta":"","header-below-stick-meta":"","astra-migrate-meta-layouts":"default","ast-page-background-enabled":"default","ast-page-background-meta":{"desktop":{"background-color":"var(--ast-global-color-4)","background-image":"","background-repeat":"repeat","background-position":"center center","background-size":"auto","background-attachment":"scroll","background-type":"","background-media":"","overlay-type":"","overlay-color":"","overlay-opacity":"","overlay-gradient":""},"tablet":{"background-color":"","background-image":"","background-repeat":"repeat","background-position":"center center","background-size":"auto","background-attachment":"scroll","background-type":"","background-media":"","overlay-type":"","overlay-color":"","overlay-opacity":"","overlay-gradient":""},"mobile":{"background-color":"","background-image":"","background-repeat":"repeat","background-position":"center center","background-size":"auto","background-attachment":"scroll","background-type":"","background-media":"","overlay-type":"","overlay-color":"","overlay-opacity":"","overlay-gradient":""}},"ast-content-background-meta":{"desktop":{"background-color":"var(--ast-global-color-5)","background-image":"","background-repeat":"repeat","background-position":"center center","background-size":"auto","background-attachment":"scroll","background-type":"","background-media":"","overlay-type":"","overlay-color":"","overlay-opacity":"","overlay-gradient":""},"tablet":{"background-color":"var(--ast-global-color-5)","background-image":"","background-repeat":"repeat","background-position":"center center","background-size":"auto","background-attachment":"scroll","background-type":"","background-media":"","overlay-type":"","overlay-color":"","overlay-opacity":"","overlay-gradient":""},"mobile":{"background-color":"var(--ast-global-color-5)","background-image":"","background-repeat":"repeat","background-position":"center center","background-size":"auto","background-attachment":"scroll","background-type":"","background-media":"","overlay-type":"","overlay-color":"","overlay-opacity":"","overlay-gradient":""}},"footnotes":""},"class_list":["post-33","page","type-page","status-publish","hentry"],"_links":{"self":[{"href":"https:\/\/hrvatski-savate-savez.hr\/index.php?rest_route=\/wp\/v2\/pages\/33","targetHints":{"allow":["GET"]}}],"collection":[{"href":"https:\/\/hrvatski-savate-savez.hr\/index.php?rest_route=\/wp\/v2\/pages"}],"about":[{"href":"https:\/\/hrvatski-savate-savez.hr\/index.php?rest_route=\/wp\/v2\/types\/page"}],"author":[{"embeddable":true,"href":"https:\/\/hrvatski-savate-savez.hr\/index.php?rest_route=\/wp\/v2\/users\/1"}],"replies":[{"embeddable":true,"href":"https:\/\/hrvatski-savate-savez.hr\/index.php?rest_route=%2Fwp%2Fv2%2Fcomments&post=33"}],"version-history":[{"count":13,"href":"https:\/\/hrvatski-savate-savez.hr\/index.php?rest_route=\/wp\/v2\/pages\/33\/revisions"}],"predecessor-version":[{"id":204,"href":"https:\/\/hrvatski-savate-savez.hr\/index.php?rest_route=\/wp\/v2\/pages\/33\/revisions\/204"}],"wp:attachment":[{"href":"https:\/\/hrvatski-savate-savez.hr\/index.php?rest_route=%2Fwp%2Fv2%2Fmedia&parent=33"}],"curies":[{"name":"wp","href":"https:\/\/api.w.org\/{rel}","templated":true}]}}