{"id":29,"date":"2024-12-12T17:13:09","date_gmt":"2024-12-12T17:13:09","guid":{"rendered":"https:\/\/nova.hrvatski-savate-savez.hr\/?page_id=29"},"modified":"2025-01-03T10:15:30","modified_gmt":"2025-01-03T10:15:30","slug":"povijest","status":"publish","type":"page","link":"https:\/\/hrvatski-savate-savez.hr\/?page_id=29","title":{"rendered":"POVIJEST"},"content":{"rendered":"\t\t<div data-elementor-type=\"wp-page\" data-elementor-id=\"29\" class=\"elementor elementor-29\">\n\t\t\t\t<div class=\"elementor-element elementor-element-ac1495d e-flex e-con-boxed e-con e-parent\" data-id=\"ac1495d\" data-element_type=\"container\">\n\t\t\t\t\t<div class=\"e-con-inner\">\n\t\t\t\t<div class=\"elementor-element elementor-element-5f05db0 elementor-widget elementor-widget-spacer\" data-id=\"5f05db0\" data-element_type=\"widget\" data-widget_type=\"spacer.default\">\n\t\t\t\t<div class=\"elementor-widget-container\">\n\t\t\t\t\t\t\t<div class=\"elementor-spacer\">\n\t\t\t<div class=\"elementor-spacer-inner\"><\/div>\n\t\t<\/div>\n\t\t\t\t\t\t<\/div>\n\t\t\t\t<\/div>\n\t\t\t\t<div class=\"elementor-element elementor-element-ebb2ff9 elementor-widget elementor-widget-heading\" data-id=\"ebb2ff9\" data-element_type=\"widget\" data-widget_type=\"heading.default\">\n\t\t\t\t<div class=\"elementor-widget-container\">\n\t\t\t\t\t<h2 class=\"elementor-heading-title elementor-size-default\">BOXE FRANCAISE \u2013 SAVATE<\/h2>\t\t\t\t<\/div>\n\t\t\t\t<\/div>\n\t\t\t\t<div class=\"elementor-element elementor-element-f7f570b elementor-widget elementor-widget-text-editor\" data-id=\"f7f570b\" data-element_type=\"widget\" data-widget_type=\"text-editor.default\">\n\t\t\t\t<div class=\"elementor-widget-container\">\n\t\t\t\t\t\t\t\t\t<p>Boxe Francaise ili Savate je borila\u010dki sport u kojem se koriste udarci rukama i nogama razvijen u Francuskoj na prijelazu izme\u0111u 17. i 18. stolje\u0107a. Dana\u0161nji oblik razvijen je oko 1820. godine.<\/p><p>Iako pravila u Savateu nisu bila definirana do 1899., korijeni borenja rukama i nogama u Europi mogu se tra\u017eiti u staroj Gr\u010dkoj. Dio starih originalnih Olimpijskih igara bio je privr\u017een borbenom stilu jedan na jedan, poznat pod nazivom Pankration. Te borbe nisu bile ograni\u010dene nikakvim pravilima, a sastojale su se od udaraca nogom, \u0161aketanja, bacanja i zadr\u017eavanja. Kada je tradicija organiziranih igara izumrla, ovaj oblik tjelesnih borbi prenesen je na ulice.<\/p><p>U Francuskoj u 17. stolje\u0107u, pojavila su se dva specifi\u010dna oblika uli\u010dnih borbi. Chausson Marseillais, kako je nazvan jedan od stilova, ovisio je skoro samo o snazi udarca nogom. Drugi stil je nazvan Savate, a sastojao se od kombiniranja otvorenih udaraca rukom i niskih udaraca nogom.<\/p><p>Charles Lecour donio je 1845. prva pravila modernog Savatea. Nakon mnogo godina studiranja i promatranja ova dva stila uli\u010dnih borbi, Lecour je stvorio Savate \u2013 Francuski boks. Spojio je sna\u017ean visoki udarac nogom iz Chausson Marseillais stila sa niskim no\u017enim udarcem iz Savatea i k tom dodao snagu udarca stisnutih \u0161aka koje je prona\u0161ao i uzeo iz Engleskog boksa.<\/p><p>Maitre Charlemont napisao je 1899. prvu zvani\u010dnu raspravu o Savateu. Inspiriran ma\u010devanjem, udru\u017eio je mnoge elemente ma\u010devanja u tehniku Savatea. Najo\u010devidnije je to \u0161to je dodao prednji nagli udarac koji daje ve\u0107i prostor tradicionalnoj tehnici. Suvremena pravila sporta izvedena su iz njegovih spisa.<\/p><p>Po\u010detkom 20. stolje\u0107a Savate se po\u010deo rasprostranjeno prakticirati, odnosno vje\u017ebati. U\u010dili su ga u francuskoj vojsci kao dio osnovnog treninga, a otvorene su \u0161kole u Belgiji, \u0160vicarskoj, Italiji i Njema\u010dkoj. Godine 1924. Savate je bio demonstrativni sport na Olimpijskim igrama u Parizu. Danas je Savate prakti\u010dno internacionalni sport jednako popularan i kod mu\u0161karaca i \u017eena.<\/p><p>Kao pogodan vid borbe prsa o prsa Savate se vje\u017ebao u vojnim i policijskim \u0161kolama. Dok je u Engleskoj razvijen oblik turnirskog nadmetanja udarcima rukom \u2013 boks (\u0161akanje), Francuska je imala metode udara\u010dkog borenja prete\u017eno efikasnim udarcima nogama, koji su sistematizirani po\u010detkom 19. stolje\u0107a te uz preuzimanje tehnike \u201dEngleskog boksa\u201d dobija naziv Boxe Francaise (\u201dBoks na Francuski na\u010din\u201d). Vojna akademija \u201dL Ecole militarie de Joinville le Pont\u201d bila je centar ovog oblika borbe, pa kako je primala na \u0161kolovanje \u010dasnike iz mnogih zemalja, oko 1850. savate je ra\u0161iren u gotovo sve zemlje Europe i Rusije te kao novi borila\u010dki sport brzo se pro\u0161irio u Belgiju, Italiju, \u0160panjolsku, Kanadu i druge zemlje pod francuskim utjecajem.<\/p><p>Krajem 19. stolje\u0107a u Europi je navodno bilo nekoliko stotina tisu\u0107a poklonika i praktikanata Savatea.<\/p><p>Godine 1970. ukinuti su vi\u0161estruki savezi i osnovana je jedinstvena Federacija za savate i pridru\u017eene discipline, a sam Savate progla\u0161en je nacionalnim sportom Francuske.<\/p><p>Danas postoji internacionalna federacija za Francuski boks koja okuplja vi\u0161e od 50 nacionalnih saveza me\u0111u kojima i Hrvatsku (primljena 15.01.1992.) kao punopravnog \u010dlana.<\/p><p>Savate u Zagreb dolazi 1918. godine, a donio ga je dr. Schultz iz Praga. Spomenuti dr Schultz i Jani\u010dek 1920. izdaju knjigu \u201d\u0160akanje\u201d. Za vrijeme rata savate se gasi da bi se obnovio tek 1976. na inicijativu Davora \u0110enovi\u0107 i francuskog instruktora Damiena Wehr.<\/p><p>Organizirano se po\u010dinje trenirati u Rijeci, Zagrebu, Sesvetskom Kraljevcu, Osijeku, Borovu, Crikvenici, Splitu\u2026<\/p><p>U Zagrebu je 1983. odr\u017ean Kup Zagreba (u dvorani \u201dBK Metalac\u201d, na Sv. Duhu), a pored doma\u0107ih boraca nastupili su i borci iz Francuske.<\/p>\t\t\t\t\t\t\t\t<\/div>\n\t\t\t\t<\/div>\n\t\t\t\t<div class=\"elementor-element elementor-element-bdb0532 elementor-widget elementor-widget-heading\" data-id=\"bdb0532\" data-element_type=\"widget\" data-widget_type=\"heading.default\">\n\t\t\t\t<div class=\"elementor-widget-container\">\n\t\t\t\t\t<h2 class=\"elementor-heading-title elementor-size-default\">PRAVILA BORENJA I SU\u0110ENJA<\/h2>\t\t\t\t<\/div>\n\t\t\t\t<\/div>\n\t\t\t\t<div class=\"elementor-element elementor-element-9e9a5d6 elementor-widget elementor-widget-text-editor\" data-id=\"9e9a5d6\" data-element_type=\"widget\" data-widget_type=\"text-editor.default\">\n\t\t\t\t<div class=\"elementor-widget-container\">\n\t\t\t\t\t\t\t\t\t<ul><li>savate triko, savate tenisice, rukavice, \u0161titnik za zube i genitalije, za\u0161titna kaciga, \u0161titnici za potkoljenice<\/li><\/ul><p>Vrste natjecanja po borbenim disciplinama:<\/p><ul><li>osnovni oblik \u201dAssaut\u201d \u2013 oblik borbe uz lagani kontakt, koristi se kompletna za\u0161titna oprema<\/li><\/ul><ul><li>\u201dPre \u2013 combat\u201d oblik borbe \u2013 udarci punim kontaktom uz potpunu za\u0161titu, slu\u017ei kao pripremni oblik za \u201dTotal \u2013 combat\u201d<\/li><\/ul><ul><li>\u201dTotal \u2013 combat\u201d, oblik borbe punim kontaktom bez za\u0161titne kacige i uz obveznu osobnu za\u0161titu (\u0161titnik za zube i genitalije)<\/li><\/ul><ul><li>\u201dCanne\u201d \u2013 na\u010din borbe \u0161tapom, sli\u010dan ma\u010devanju \u2013 pridru\u017eena disciplina tradicionalnom Savateu. Kod nas se ne prakticira i ne odr\u017eavaju se natjecanja.<\/li><\/ul><p>Pravila borbe:<\/p><p>Kadeti (do 17 godina) se natje\u010du samo u \u201dassaut\u201d obliku borbe u kojem nije dopu\u0161teno udarati sna\u017eno ve\u0107 vrlo malim kontaktom.<\/p><p>Udarna povr\u0161ina nogom je rist stopala i puno stopalo dok je rukom dopu\u0161teno udarati udarnom povr\u0161inom boksa\u010dke rukavice.<\/p><p>Dopu\u0161teni udarci rukom: sve tehnike iz klasi\u010dnog boksa<\/p><p>Dopu\u0161teni udarci nogom: kru\u017ene, frontalne i tehnike iz okreta i skoka u predio glave, trupa i nogu.<\/p><p>Zabranjeni udarci rukom i nogom: udarac laktom, koljenom, u genitalije, le\u0111a, tjeme, potiljak te nedopu\u0161enim dijelovima boksa\u010dke rukavice i savate tenisice.<\/p><p>Zabranjeno je: guranje, hvatanje noge, udaranje nakon suda\u010dke zapovijedi \u201dstop\u201d ili nakon gonga, udaranje dok je protivnik na podu, nesportsko pona\u0161anje.<\/p><p>Pozdrav: sportski pozdrav se sastoji od primicanja desne ruke srcu i ispru\u017eanje iste udesno dolje (od srca).<\/p><p>Na\u010din bodovanja: pozitivni bodovi su pravilno izvedene tehnike uz odgovaraju\u0107e doziranu snagu udarca, ovisno od vrste natjecanja (\u201dassaut\u201d ili \u201dcombat\u201d), u dopu\u0161tene ciljeve.<\/p><ul><li>svi udarci rukom u glavu ili tijelo (1 poen)<\/li><\/ul><ul><li>udarac nogom u nogu (1 poen)<\/li><\/ul><ul><li>udarac nogom u tijelo (2 poena)<\/li><\/ul><ul><li>udarac nogom u glavu (4 poena)<\/li><\/ul><p>Negativni poeni dobijaju se za suda\u010dke kazne, odnosno opomenu (-1 poen) koju sudac u ringu izri\u010de nakon suglasja bodovnih sudaca. Tre\u0107a opomena zna\u010di diskvalifikaciju borca. Pobjeda se mo\u017ee ostvariti na bodove, predajom, tehni\u010dkim ili klasi\u010dnim \u201dknock-out\u201d \u2013 om i diskvalifikacijom jednog od boraca. Seniorske borbe u \u201dcombatu\u201d traju 5 x 2 min. s odmorom od 1 min. izme\u0111u rundi i odvijaju se na boksa\u010dkom ringu, dok se borbe u \u201dassautu\u201d odvijaju na borili\u0161tu (tatami).<\/p>\t\t\t\t\t\t\t\t<\/div>\n\t\t\t\t<\/div>\n\t\t\t\t\t<\/div>\n\t\t\t\t<\/div>\n\t\t\t\t<\/div>\n\t\t","protected":false},"excerpt":{"rendered":"<p>BOXE FRANCAISE \u2013 SAVATE Boxe Francaise ili Savate je borila\u010dki sport u kojem se koriste udarci rukama i nogama razvijen u Francuskoj na prijelazu izme\u0111u 17. i 18. stolje\u0107a. Dana\u0161nji [&hellip;]<\/p>\n","protected":false},"author":1,"featured_media":0,"parent":0,"menu_order":0,"comment_status":"closed","ping_status":"closed","template":"","meta":{"site-sidebar-layout":"no-sidebar","site-content-layout":"","ast-site-content-layout":"full-width-container","site-content-style":"default","site-sidebar-style":"default","ast-global-header-display":"","ast-banner-title-visibility":"","ast-main-header-display":"","ast-hfb-above-header-display":"","ast-hfb-below-header-display":"","ast-hfb-mobile-header-display":"","site-post-title":"disabled","ast-breadcrumbs-content":"","ast-featured-img":"disabled","footer-sml-layout":"","theme-transparent-header-meta":"","adv-header-id-meta":"","stick-header-meta":"","header-above-stick-meta":"","header-main-stick-meta":"","header-below-stick-meta":"","astra-migrate-meta-layouts":"default","ast-page-background-enabled":"default","ast-page-background-meta":{"desktop":{"background-color":"var(--ast-global-color-4)","background-image":"","background-repeat":"repeat","background-position":"center center","background-size":"auto","background-attachment":"scroll","background-type":"","background-media":"","overlay-type":"","overlay-color":"","overlay-opacity":"","overlay-gradient":""},"tablet":{"background-color":"","background-image":"","background-repeat":"repeat","background-position":"center center","background-size":"auto","background-attachment":"scroll","background-type":"","background-media":"","overlay-type":"","overlay-color":"","overlay-opacity":"","overlay-gradient":""},"mobile":{"background-color":"","background-image":"","background-repeat":"repeat","background-position":"center center","background-size":"auto","background-attachment":"scroll","background-type":"","background-media":"","overlay-type":"","overlay-color":"","overlay-opacity":"","overlay-gradient":""}},"ast-content-background-meta":{"desktop":{"background-color":"var(--ast-global-color-5)","background-image":"","background-repeat":"repeat","background-position":"center center","background-size":"auto","background-attachment":"scroll","background-type":"","background-media":"","overlay-type":"","overlay-color":"","overlay-opacity":"","overlay-gradient":""},"tablet":{"background-color":"var(--ast-global-color-5)","background-image":"","background-repeat":"repeat","background-position":"center center","background-size":"auto","background-attachment":"scroll","background-type":"","background-media":"","overlay-type":"","overlay-color":"","overlay-opacity":"","overlay-gradient":""},"mobile":{"background-color":"var(--ast-global-color-5)","background-image":"","background-repeat":"repeat","background-position":"center center","background-size":"auto","background-attachment":"scroll","background-type":"","background-media":"","overlay-type":"","overlay-color":"","overlay-opacity":"","overlay-gradient":""}},"footnotes":""},"class_list":["post-29","page","type-page","status-publish","hentry"],"_links":{"self":[{"href":"https:\/\/hrvatski-savate-savez.hr\/index.php?rest_route=\/wp\/v2\/pages\/29","targetHints":{"allow":["GET"]}}],"collection":[{"href":"https:\/\/hrvatski-savate-savez.hr\/index.php?rest_route=\/wp\/v2\/pages"}],"about":[{"href":"https:\/\/hrvatski-savate-savez.hr\/index.php?rest_route=\/wp\/v2\/types\/page"}],"author":[{"embeddable":true,"href":"https:\/\/hrvatski-savate-savez.hr\/index.php?rest_route=\/wp\/v2\/users\/1"}],"replies":[{"embeddable":true,"href":"https:\/\/hrvatski-savate-savez.hr\/index.php?rest_route=%2Fwp%2Fv2%2Fcomments&post=29"}],"version-history":[{"count":10,"href":"https:\/\/hrvatski-savate-savez.hr\/index.php?rest_route=\/wp\/v2\/pages\/29\/revisions"}],"predecessor-version":[{"id":244,"href":"https:\/\/hrvatski-savate-savez.hr\/index.php?rest_route=\/wp\/v2\/pages\/29\/revisions\/244"}],"wp:attachment":[{"href":"https:\/\/hrvatski-savate-savez.hr\/index.php?rest_route=%2Fwp%2Fv2%2Fmedia&parent=29"}],"curies":[{"name":"wp","href":"https:\/\/api.w.org\/{rel}","templated":true}]}}