{"id":28,"date":"2024-12-12T17:13:09","date_gmt":"2024-12-12T17:13:09","guid":{"rendered":"https:\/\/nova.hrvatski-savate-savez.hr\/?page_id=28"},"modified":"2025-03-13T08:50:51","modified_gmt":"2025-03-13T08:50:51","slug":"o-nama","status":"publish","type":"page","link":"https:\/\/hrvatski-savate-savez.hr\/?page_id=28","title":{"rendered":"O NAMA"},"content":{"rendered":"\t\t<div data-elementor-type=\"wp-page\" data-elementor-id=\"28\" class=\"elementor elementor-28\">\n\t\t\t\t<div class=\"elementor-element elementor-element-070d9e6 e-flex e-con-boxed e-con e-parent\" data-id=\"070d9e6\" data-element_type=\"container\" data-settings=\"{&quot;background_background&quot;:&quot;gradient&quot;}\">\n\t\t\t\t\t<div class=\"e-con-inner\">\n\t\t\t\t<div class=\"elementor-element elementor-element-5b782aa elementor-widget elementor-widget-image\" data-id=\"5b782aa\" data-element_type=\"widget\" data-widget_type=\"image.default\">\n\t\t\t\t<div class=\"elementor-widget-container\">\n\t\t\t\t\t\t\t\t\t\t\t\t\t\t\t<img fetchpriority=\"high\" decoding=\"async\" width=\"1024\" height=\"203\" src=\"https:\/\/hrvatski-savate-savez.hr\/wp-content\/uploads\/2024\/12\/hss6-1024x203.jpg\" class=\"attachment-large size-large wp-image-14\" alt=\"\" srcset=\"https:\/\/hrvatski-savate-savez.hr\/wp-content\/uploads\/2024\/12\/hss6-1024x203.jpg 1024w, https:\/\/hrvatski-savate-savez.hr\/wp-content\/uploads\/2024\/12\/hss6-300x60.jpg 300w, https:\/\/hrvatski-savate-savez.hr\/wp-content\/uploads\/2024\/12\/hss6-768x152.jpg 768w\" sizes=\"(max-width: 1024px) 100vw, 1024px\" \/>\t\t\t\t\t\t\t\t\t\t\t\t\t\t\t<\/div>\n\t\t\t\t<\/div>\n\t\t\t\t<div class=\"elementor-element elementor-element-1673c22 elementor-widget elementor-widget-spacer\" data-id=\"1673c22\" data-element_type=\"widget\" data-widget_type=\"spacer.default\">\n\t\t\t\t<div class=\"elementor-widget-container\">\n\t\t\t\t\t\t\t<div class=\"elementor-spacer\">\n\t\t\t<div class=\"elementor-spacer-inner\"><\/div>\n\t\t<\/div>\n\t\t\t\t\t\t<\/div>\n\t\t\t\t<\/div>\n\t\t\t\t<div class=\"elementor-element elementor-element-0089d08 elementor-widget elementor-widget-text-editor\" data-id=\"0089d08\" data-element_type=\"widget\" data-widget_type=\"text-editor.default\">\n\t\t\t\t<div class=\"elementor-widget-container\">\n\t\t\t\t\t\t\t\t\t<p>Predsjednik:\u00a0<strong>Predrag \u0160imunec<\/strong>\u00a0\u2013 <a href=\"tel:095\/904-1044\">095\/904-1044<\/a><\/p><p>Dopredsjednik:<strong>\u00a0Goran Borovi\u0107<\/strong><\/p><p>Glavni tajnik:\u00a0<b>Josip Grui\u0107<\/b>\u00a0\u2013 <a href=\"tel:+385 95 815 0179\">+385 95 815 0179<\/a><\/p><p>Izbornik Combat:\u00a0<strong>Predrag \u0160imunec<\/strong><\/p><p>Izbornik Assaut:\u00a0<strong>Nenad \u0160arec<\/strong><\/p><p>Predsjednik suda\u010dke organizacije:<strong>\u00a0Hrvoje Veli\u0107<\/strong><\/p><p>Hrvatski savate savez osnovan je 28.04.1987. godine u hotelu Holiday Inn u Zagrebu na inicijativu tada\u0161njeg predsjednika Jugoslavenskog savate Odbora Vuka Rajkovi\u0107a i tada\u0161njeg selektora (izbornika) reprezentacije Jugoslavije \u017deljka Jareca. Za predsjednika je izabran Zoran Mari\u0107 iz Splita.<\/p><p>Prvo juniorsko prvenstvo Hrvatske odr\u017eano je 1988. godine u dvorani osnovne \u0161kole \u201eSlavko Stan\u010dir\u201c u Sesvetskom Kraljevcu kraj Sesveta, tj. Zagreba. U organizaciji HSS-a i JUS-a (Jugoslavenskog savate odbora) 1990. god. u Ciboninoj dvorani u Zagrebu, odr\u017ean je me\u010d pred 5000 gledatelja izme\u0111u onda\u0161nje reprezentacije Jugoslavije i Francuske, a godinu dana kasnije u Domu sportova pred 3000 gledatelja odr\u017eana je no\u0107 \u0161ampiona gdje su nastupali: Branko Cikati\u0107, Mark Holand, Vlado Grui\u0107, Drago Bun\u010di\u0107 i Ernesto Host kao sekundant.<\/p><p>Raspadom Jugoslavije u Hrvatskoj su djelovala samo dva kluba i to Lu\u010dki radnik iz Rijeke i Budu\u0107nost iz Sesvetskog Kraljevca koji su za vrijeme Jugoslavje bili klubovi sa najvi\u0161e natjecatelja i prvaka dr\u017eave. 1991. godine predsjednik Svjetske savate federacije Michel Roger \u0161alje poziv Hrvatskom savate savezu na sastanak Svjetske savate federacije koji je odr\u017ean u Tourani-u u Belgiji. Na sastanku je odlu\u010deno da hrvatski natjecatelji sljede\u0107e godine nastupaju na prvenstvu Europe pod imenom grada iz kojeg dolaze, a kada jedna od dr\u017eava Europske unije prizna Hrvatsku kao dr\u017eavu isti trenutak Svjetska savate federacija priznaje Hrvatski savate savez kao punopravnog \u010dlana, a Hrvatski natjecatelji nastupaju pod Hrvatskom zastavom.<\/p><p>17.1.1992. godine Hrvatski savate savez postaje punopravni \u010dlan Svjetske savate federacije.<\/p><div class=\"addtoany_share_save_container addtoany_content addtoany_content_bottom\">\u00a0<\/div>\t\t\t\t\t\t\t\t<\/div>\n\t\t\t\t<\/div>\n\t\t\t\t\t<\/div>\n\t\t\t\t<\/div>\n\t\t\t\t<\/div>\n\t\t","protected":false},"excerpt":{"rendered":"<p>Predsjednik:\u00a0Predrag \u0160imunec\u00a0\u2013 095\/904-1044 Dopredsjednik:\u00a0Goran Borovi\u0107 Glavni tajnik:\u00a0Josip Grui\u0107\u00a0\u2013 +385 95 815 0179 Izbornik Combat:\u00a0Predrag \u0160imunec Izbornik Assaut:\u00a0Nenad \u0160arec Predsjednik suda\u010dke organizacije:\u00a0Hrvoje Veli\u0107 Hrvatski savate savez osnovan je 28.04.1987. godine u [&hellip;]<\/p>\n","protected":false},"author":1,"featured_media":0,"parent":0,"menu_order":0,"comment_status":"closed","ping_status":"closed","template":"","meta":{"site-sidebar-layout":"no-sidebar","site-content-layout":"","ast-site-content-layout":"full-width-container","site-content-style":"default","site-sidebar-style":"default","ast-global-header-display":"","ast-banner-title-visibility":"","ast-main-header-display":"","ast-hfb-above-header-display":"","ast-hfb-below-header-display":"","ast-hfb-mobile-header-display":"","site-post-title":"disabled","ast-breadcrumbs-content":"","ast-featured-img":"disabled","footer-sml-layout":"","theme-transparent-header-meta":"","adv-header-id-meta":"","stick-header-meta":"","header-above-stick-meta":"","header-main-stick-meta":"","header-below-stick-meta":"","astra-migrate-meta-layouts":"default","ast-page-background-enabled":"default","ast-page-background-meta":{"desktop":{"background-color":"var(--ast-global-color-4)","background-image":"","background-repeat":"repeat","background-position":"center center","background-size":"auto","background-attachment":"scroll","background-type":"","background-media":"","overlay-type":"","overlay-color":"","overlay-opacity":"","overlay-gradient":""},"tablet":{"background-color":"","background-image":"","background-repeat":"repeat","background-position":"center center","background-size":"auto","background-attachment":"scroll","background-type":"","background-media":"","overlay-type":"","overlay-color":"","overlay-opacity":"","overlay-gradient":""},"mobile":{"background-color":"","background-image":"","background-repeat":"repeat","background-position":"center center","background-size":"auto","background-attachment":"scroll","background-type":"","background-media":"","overlay-type":"","overlay-color":"","overlay-opacity":"","overlay-gradient":""}},"ast-content-background-meta":{"desktop":{"background-color":"var(--ast-global-color-5)","background-image":"","background-repeat":"repeat","background-position":"center center","background-size":"auto","background-attachment":"scroll","background-type":"","background-media":"","overlay-type":"","overlay-color":"","overlay-opacity":"","overlay-gradient":""},"tablet":{"background-color":"var(--ast-global-color-5)","background-image":"","background-repeat":"repeat","background-position":"center center","background-size":"auto","background-attachment":"scroll","background-type":"","background-media":"","overlay-type":"","overlay-color":"","overlay-opacity":"","overlay-gradient":""},"mobile":{"background-color":"var(--ast-global-color-5)","background-image":"","background-repeat":"repeat","background-position":"center center","background-size":"auto","background-attachment":"scroll","background-type":"","background-media":"","overlay-type":"","overlay-color":"","overlay-opacity":"","overlay-gradient":""}},"footnotes":""},"class_list":["post-28","page","type-page","status-publish","hentry"],"_links":{"self":[{"href":"https:\/\/hrvatski-savate-savez.hr\/index.php?rest_route=\/wp\/v2\/pages\/28","targetHints":{"allow":["GET"]}}],"collection":[{"href":"https:\/\/hrvatski-savate-savez.hr\/index.php?rest_route=\/wp\/v2\/pages"}],"about":[{"href":"https:\/\/hrvatski-savate-savez.hr\/index.php?rest_route=\/wp\/v2\/types\/page"}],"author":[{"embeddable":true,"href":"https:\/\/hrvatski-savate-savez.hr\/index.php?rest_route=\/wp\/v2\/users\/1"}],"replies":[{"embeddable":true,"href":"https:\/\/hrvatski-savate-savez.hr\/index.php?rest_route=%2Fwp%2Fv2%2Fcomments&post=28"}],"version-history":[{"count":16,"href":"https:\/\/hrvatski-savate-savez.hr\/index.php?rest_route=\/wp\/v2\/pages\/28\/revisions"}],"predecessor-version":[{"id":467,"href":"https:\/\/hrvatski-savate-savez.hr\/index.php?rest_route=\/wp\/v2\/pages\/28\/revisions\/467"}],"wp:attachment":[{"href":"https:\/\/hrvatski-savate-savez.hr\/index.php?rest_route=%2Fwp%2Fv2%2Fmedia&parent=28"}],"curies":[{"name":"wp","href":"https:\/\/api.w.org\/{rel}","templated":true}]}}